{"id":409,"date":"2014-10-22T20:15:51","date_gmt":"2014-10-22T20:15:51","guid":{"rendered":"http:\/\/centrodemediacion.pge.gob.ec\/?page_id=409"},"modified":"2024-06-11T20:12:44","modified_gmt":"2024-06-11T20:12:44","slug":"audiencia-jurisdiccion","status":"publish","type":"page","link":"https:\/\/centrodemediacion.pge.gob.ec\/?page_id=409","title":{"rendered":"Oficinas a nivel nacional"},"content":{"rendered":"<p>[et_pb_section fb_built=\u00bb1&#8243; specialty=\u00bbon\u00bb _builder_version=\u00bb4.16&#8243; background_color=\u00bb#ffffff\u00bb background_image=\u00bbhttp:\/\/centrodemediacion.pge.gob.ec\/wp-content\/uploads\/2014\/09\/bgmarmol.jpg\u00bb transparent_background=\u00bboff\u00bb global_colors_info=\u00bb{}\u00bb][et_pb_column type=\u00bb3_4&#8243; specialty_columns=\u00bb3&#8243; _builder_version=\u00bb4.16&#8243; custom_padding=\u00bb|||\u00bb global_colors_info=\u00bb{}\u00bb custom_padding__hover=\u00bb|||\u00bb][et_pb_row_inner _builder_version=\u00bb4.16&#8243; global_colors_info=\u00bb{}\u00bb][et_pb_column_inner _builder_version=\u00bb4.16&#8243; custom_padding=\u00bb|||\u00bb global_colors_info=\u00bb{}\u00bb custom_padding__hover=\u00bb|||\u00bb][et_pb_text admin_label=\u00bbText\u00bb _builder_version=\u00bb4.19.0&#8243; background_size=\u00bbinitial\u00bb background_position=\u00bbtop_left\u00bb background_repeat=\u00bbrepeat\u00bb hover_enabled=\u00bb0&#8243; global_colors_info=\u00bb{}\u00bb sticky_enabled=\u00bb0&#8243;]<\/p>\n<div style=\"text-align: center;\"><strong><span style=\"font-family: helvetica; font-size: 18pt; color: #47707c;\">Nuestras Oficinas<\/span><\/strong><\/div>\n<div class=\"custom\">\n<p style=\"text-align: center;\"><span style=\"color: #47707c; ; font-size: 14pt;\"><strong><span style=\"font-family: helvetica;\">Horario de atenci\u00f3n: lunes a viernes de 08h30 a 17h00<\/span><\/strong><\/span><\/p>\n<table style=\"margin: 0px auto; width: 595px; height: 887px; background-color: #ffffff; border: 2px solid #ffffff;\">\n<tbody>\n<tr style=\"height: 32px;\">\n<td style=\"padding: 10px; background-color: #47707c; border: 1px solid #ffffff; width: 100.203px; height: 32px; text-align: center;\"><strong><span style=\"font-family: helvetica; font-size: 12pt; color: #ffffff;\">Ciudad<\/span><\/strong><\/td>\n<td style=\"padding: 10px; width: 105.219px; background-color: #47707c; border: 1px solid #ffffff; height: 32px; text-align: center;\"><span style=\"color: #ffffff;\"><strong><span style=\"font-family: helvetica; font-size: 12pt;\">Tel\u00e9fono<\/span><\/strong><\/span><\/td>\n<td style=\"padding: 10px; background-color: #47707c; border: 1px solid #ffffff; width: 210.398px; height: 32px; text-align: center;\"><span style=\"color: #ffffff;\"><strong><span style=\"font-size: 16px;\">Direcci\u00f3n<\/span><\/strong><\/span><\/td>\n<td style=\"padding: 10px; background-color: #47707c; border: 1px solid #ffffff; width: 77.1797px; height: 32px; text-align: center;\"><span style=\"color: #ffffff;\"><strong><span style=\"font-size: 16px;\">Galer\u00eda<\/span><\/strong><\/span><\/td>\n<\/tr>\n<tr style=\"height: 153px;\">\n<td style=\"padding: 10px; background-color: #47707c; border: 1px solid #ffffff; width: 100.203px; height: 153px;\">\n<p><span style=\"font-family: helvetica; font-size: 12pt; color: #ffffff;\">Quito, <\/span><span style=\"font-family: helvetica; font-size: 12pt; color: #ffffff;\">matriz Mezzanine<\/span><\/p>\n<p>&nbsp;<\/p>\n<p>&nbsp;<\/p>\n<\/td>\n<td style=\"padding: 10px; background-color: #cfd8dc; border: 1px solid #ffffff; width: 105.219px; height: 153px;\">\n<p><span style=\"font-size: 12pt; color: #000000;\">02 294 1300<\/span><\/p>\n<p><span style=\"font-size: 12pt; color: #000000;\">ext. 2219<\/span><\/p>\n<p>&nbsp;<\/p>\n<\/td>\n<td style=\"padding: 10px; background-color: #cfd8dc; border: 1px solid #ffffff; width: 210.398px; height: 153px;\">\n<p><span style=\"font-family: helvetica; font-size: 12pt; color: #000000;\">Av. Amazonas N39-123 y Jos\u00e9 Ar\u00edzaga, edificio Amazonas Plaza\u00a0<\/span><\/p>\n<p><span style=\"text-decoration: underline; color: #000000;\"><a style=\"color: #000000; text-decoration: underline;\" href=\"https:\/\/goo.gl\/maps\/hqc5uDHRp7PXpv949\" target=\"_blank\" rel=\"noopener\"><span style=\"font-size: 12pt;\">Ubicaci\u00f3n<\/span><\/a><\/span><\/p>\n<\/td>\n<td style=\"padding: 10px; background-color: #cfd8dc; border: 1px solid #ffffff; width: 77.1797px; height: 153px;\"><a href=\"\/\/centrodemediacion.pge.gob.ec\/?page_id=3066\" target=\"_blank\" rel=\"noopener\"><img decoding=\"async\" loading=\"lazy\" class=\"aligncenter wp-image-3101\" src=\"http:\/\/centrodemediacion.pge.gob.ec\/wp-content\/uploads\/2024\/06\/galeria-de-imagenes-150x150.png\" alt=\"\" width=\"71\" height=\"71\" \/><\/a><\/td>\n<\/tr>\n<tr style=\"height: 122px;\">\n<td style=\"padding: 10px; background-color: #47707c; border: 1px solid #ffffff; width: 100.203px; height: 122px;\"><span style=\"font-family: helvetica; font-size: 12pt; color: #ffffff;\">Guayaquil<\/span><\/td>\n<td style=\"padding: 10px; background-color: #cfd8dc; border: 1px solid #ffffff; width: 105.219px; height: 122px;\">\n<p><span style=\"font-family: helvetica; font-size: 12pt; color: #000000;\">04 256 4532<\/span><\/p>\n<p>&nbsp;<\/p>\n<\/td>\n<td style=\"padding: 10px; background-color: #cfd8dc; border: 1px solid #ffffff; width: 210.398px; height: 122px;\">\n<p><span style=\"font-family: helvetica; font-size: 12pt; color: #000000;\">Malec\u00f3n y P. Ycaza, edificio La Previsora, piso 14<\/span><\/p>\n<p><span style=\"text-decoration: underline; color: #000000;\"><a style=\"color: #000000;\" href=\"https:\/\/www.google.com\/maps\/search\/Malec%C3%B3n+y+P.+Ycaza,+edificio+La+Previsora\/@-2.1920326,-79.8802133,19z\" target=\"_blank\" rel=\"noopener\"><span style=\"font-size: 12pt;\">Ubicaci\u00f3n<\/span><\/a><\/span><\/p>\n<\/td>\n<td style=\"padding: 10px; background-color: #cfd8dc; border: 1px solid #ffffff; width: 77.1797px; height: 122px;\"><span style=\"font-family: helvetica; font-size: 12pt; color: #000000;\" data-wp-editing=\"1\"><a href=\"http:\/\/centrodemediacion.pge.gob.ec\/?page_id=3117\"><img decoding=\"async\" loading=\"lazy\" class=\"aligncenter wp-image-3101\" src=\"http:\/\/centrodemediacion.pge.gob.ec\/wp-content\/uploads\/2024\/06\/galeria-de-imagenes-150x150.png\" alt=\"\" width=\"71\" height=\"71\" \/><\/a>\u00a0<\/span><\/td>\n<\/tr>\n<tr style=\"height: 132px;\">\n<td style=\"padding: 10px; background-color: #47707c; border: 1px solid #ffffff; width: 100.203px; height: 132px;\"><span style=\"font-family: helvetica; font-size: 12pt; color: #ffffff;\">Cuenca<\/span><\/td>\n<td style=\"padding: 10px; background-color: #cfd8dc; border: 1px solid #ffffff; width: 105.219px; height: 132px;\">\n<p><span style=\"font-family: helvetica; font-size: 12pt; color: #000000;\">07 288 8598<\/span><\/p>\n<p>&nbsp;<\/p>\n<\/td>\n<td style=\"padding: 10px; background-color: #cfd8dc; border: 1px solid #ffffff; width: 210.398px; height: 132px;\">\n<p><span style=\"font-family: helvetica; font-size: 12pt; color: #000000;\">Manuel J. Calle y Cornelio Merch\u00e1n esquina, exedificio del SRI, planta baja<\/span><\/p>\n<p><span style=\"text-decoration: underline; color: #000000;\"><a style=\"color: #000000;\" href=\"https:\/\/goo.gl\/maps\/BE5BRQVpZiAiCcSP8\" target=\"_blank\" rel=\"noopener\"><span style=\"font-family: helvetica; font-size: 12pt;\">Ubicaci\u00f3n<\/span><\/a><\/span><\/p>\n<\/td>\n<td style=\"padding: 10px; background-color: #cfd8dc; border: 1px solid #ffffff; width: 77.1797px; height: 132px;\"><span style=\"font-family: helvetica; font-size: 12pt; color: #000000;\"><a href=\"http:\/\/centrodemediacion.pge.gob.ec\/?page_id=3138&amp;preview=true\"><img decoding=\"async\" loading=\"lazy\" class=\"aligncenter wp-image-3101\" src=\"http:\/\/centrodemediacion.pge.gob.ec\/wp-content\/uploads\/2024\/06\/galeria-de-imagenes-150x150.png\" alt=\"\" width=\"71\" height=\"71\" \/><\/a><br \/><\/span><\/td>\n<\/tr>\n<tr style=\"height: 184px;\">\n<td style=\"padding: 10px; background-color: #47707c; border: 1px solid #ffffff; width: 100.203px; height: 184px;\"><span style=\"font-family: helvetica; font-size: 12pt; color: #ffffff;\">Loja<\/span><\/td>\n<td style=\"padding: 10px; background-color: #cfd8dc; border: 1px solid #ffffff; width: 105.219px; height: 184px;\"><span style=\"font-family: helvetica; font-size: 12pt; color: #000000;\"><span style=\"font-family: helvetica; font-size: 12pt;\">07 258 4653<\/span><br \/><\/span><\/td>\n<td style=\"padding: 10px; background-color: #cfd8dc; border: 1px solid #ffffff; width: 210.398px; height: 184px;\">\n<p><span style=\"font-family: helvetica; font-size: 12pt; color: #000000;\">Calle 18 de Noviembre entre Col\u00f3n y Antonio Jos\u00e9 Eguiguren, edificio Hogar y M\u00e1s, piso 4<\/span><\/p>\n<p><span style=\"text-decoration: underline; color: #000000;\"><a style=\"color: #000000;\" href=\"https:\/\/www.google.com\/maps\/place\/Procuradur%C3%ADa+General+del+Estado+-+Direcci%C3%B3n+Regional+de+Loja\/@-3.9957517,-79.2062562,17z\/data=!3m1!4b1!4m5!3m4!1s0x91cb4801a2e3698b:0x63c3b5a269051978!8m2!3d-3.9957571!4d-79.2040675\" target=\"_blank\" rel=\"noopener\"><span style=\"font-family: helvetica; font-size: 12pt;\">Ubicaci\u00f3n<\/span><\/a><\/span><\/p>\n<\/td>\n<td style=\"padding: 10px; background-color: #cfd8dc; border: 1px solid #ffffff; width: 77.1797px; height: 184px;\"><span style=\"font-family: helvetica; font-size: 12pt; color: #000000;\"><a href=\"http:\/\/centrodemediacion.pge.gob.ec\/?page_id=3146&amp;preview=true\"><img decoding=\"async\" loading=\"lazy\" class=\"aligncenter wp-image-3101\" src=\"http:\/\/centrodemediacion.pge.gob.ec\/wp-content\/uploads\/2024\/06\/galeria-de-imagenes-150x150.png\" alt=\"\" width=\"71\" height=\"71\" \/><\/a><\/span><\/td>\n<\/tr>\n<tr style=\"height: 132px;\">\n<td style=\"padding: 10px; background-color: #47707c; border: 1px solid #ffffff; width: 100.203px; height: 132px;\"><span style=\"font-family: helvetica; font-size: 12pt; color: #ffffff;\">Portoviejo<\/span><\/td>\n<td style=\"padding: 10px; background-color: #cfd8dc; border: 1px solid #ffffff; width: 105.219px; height: 132px;\">\n<p><span style=\"font-family: helvetica; font-size: 12pt; color: #000000;\">05 263 5 827<\/span><\/p>\n<p>&nbsp;<\/p>\n<\/td>\n<td style=\"padding: 10px; background-color: #cfd8dc; border: 1px solid #ffffff; width: 210.398px; height: 132px;\">\n<p><span style=\"font-family: helvetica; font-size: 12pt; color: #000000;\">Calle Olmedo entre Sucre y C\u00f3rdova<\/span><\/p>\n<p><span style=\"text-decoration: underline; color: #000000;\"><a style=\"color: #000000;\" href=\"https:\/\/www.google.com\/maps\/place\/Sucre+%26+Avenida+Olmedo,+Portoviejo\/@-1.0571536,-80.4530268,17z\/data=!3m1!4b1!4m5!3m4!1s0x902b8d4c6af8837b:0xf0646a0bad1497ba!8m2!3d-1.057159!4d-80.4508381\" target=\"_blank\" rel=\"noopener\"><span style=\"font-family: helvetica; font-size: 12pt;\">Ubicaci\u00f3n<\/span><\/a><\/span><\/p>\n<\/td>\n<td style=\"padding: 10px; background-color: #cfd8dc; border: 1px solid #ffffff; width: 77.1797px; height: 132px;\"><span style=\"font-family: helvetica; font-size: 12pt; color: #000000;\"><a href=\"http:\/\/centrodemediacion.pge.gob.ec\/?page_id=3159&amp;preview=true\"><img decoding=\"async\" loading=\"lazy\" class=\"aligncenter wp-image-3101\" src=\"http:\/\/centrodemediacion.pge.gob.ec\/wp-content\/uploads\/2024\/06\/galeria-de-imagenes-150x150.png\" alt=\"\" width=\"71\" height=\"71\" \/><\/a><\/span><\/td>\n<\/tr>\n<tr style=\"height: 132px;\">\n<td style=\"padding: 10px; background-color: #47707c; border: 1px solid #ffffff; width: 100.203px; height: 132px;\"><span style=\"font-family: helvetica; font-size: 12pt; color: #ffffff;\">Riobamba<\/span><\/td>\n<td style=\"padding: 10px; background-color: #cfd8dc; border: 1px solid #ffffff; width: 105.219px; height: 132px;\">\n<p><span style=\"font-size: 12pt; color: #000000;\">03 294 7271<\/span><\/p>\n<p>&nbsp;<\/p>\n<\/td>\n<td style=\"padding: 10px; background-color: #cfd8dc; border: 1px solid #ffffff; width: 210.398px; height: 132px;\">\n<p><span style=\"font-family: helvetica; font-size: 12pt; color: #000000;\">Calle 10 de Agosto y Espa\u00f1a, edificio ex Consejo Provincial, piso 2<\/span><\/p>\n<p><span style=\"text-decoration: underline; color: #000000;\"><a style=\"color: #000000;\" href=\"https:\/\/www.google.com.ec\/maps\/search\/Calle+10+de+Agosto+y+Espa%C3%B1a,+riobamba\/@-1.6718621,-78.653412,17z\/data=!3m1!4b1?hl=es\" target=\"_blank\" rel=\"noopener\"><span style=\"font-family: helvetica; font-size: 12pt;\">Ubicaci\u00f3n<\/span><\/a><\/span><\/p>\n<\/td>\n<td style=\"padding: 10px; background-color: #cfd8dc; border: 1px solid #ffffff; width: 77.1797px; height: 132px;\"><span style=\"font-family: helvetica; font-size: 12pt; color: #000000;\"> <a href=\" http:\/\/centrodemediacion.pge.gob.ec\/?page_id=3151&amp;preview=true\"><img decoding=\"async\" loading=\"lazy\" class=\"aligncenter wp-image-3101\" src=\"http:\/\/centrodemediacion.pge.gob.ec\/wp-content\/uploads\/2024\/06\/galeria-de-imagenes-150x150.png\" alt=\"\" width=\"71\" height=\"71\" \/><\/a><\/span><\/td>\n<\/tr>\n<\/tbody>\n<\/table>\n<\/div>\n<p>[\/et_pb_text][\/et_pb_column_inner][\/et_pb_row_inner][\/et_pb_column][et_pb_column type=\u00bb1_4&#8243; _builder_version=\u00bb4.16&#8243; custom_padding=\u00bb|||\u00bb global_colors_info=\u00bb{}\u00bb custom_padding__hover=\u00bb|||\u00bb][et_pb_text admin_label=\u00bbText\u00bb _builder_version=\u00bb4.16&#8243; background_size=\u00bbinitial\u00bb background_position=\u00bbtop_left\u00bb background_repeat=\u00bbrepeat\u00bb global_colors_info=\u00bb{}\u00bb][cmwizard menu=17 \/][\/et_pb_text][\/et_pb_column][\/et_pb_section]<\/p>\n","protected":false},"excerpt":{"rendered":"<p>Nuestras Oficinas Horario de atenci\u00f3n: lunes a viernes de 08h30 a 17h00 Ciudad Tel\u00e9fono Direcci\u00f3n Galer\u00eda Quito, matriz Mezzanine &nbsp; &nbsp; 02 294 1300 ext. 2219 &nbsp; Av. Amazonas N39-123 y Jos\u00e9 Ar\u00edzaga, edificio Amazonas Plaza\u00a0 Ubicaci\u00f3n Guayaquil 04 256 4532 &nbsp; Malec\u00f3n y P. Ycaza, edificio La Previsora, piso 14 Ubicaci\u00f3n \u00a0 Cuenca 07 [&hellip;]<\/p>\n","protected":false},"author":101012,"featured_media":0,"parent":0,"menu_order":0,"comment_status":"open","ping_status":"open","template":"","meta":{"_et_pb_use_builder":"on","_et_pb_old_content":"","_et_gb_content_width":""},"_links":{"self":[{"href":"https:\/\/centrodemediacion.pge.gob.ec\/index.php?rest_route=\/wp\/v2\/pages\/409"}],"collection":[{"href":"https:\/\/centrodemediacion.pge.gob.ec\/index.php?rest_route=\/wp\/v2\/pages"}],"about":[{"href":"https:\/\/centrodemediacion.pge.gob.ec\/index.php?rest_route=\/wp\/v2\/types\/page"}],"author":[{"embeddable":true,"href":"https:\/\/centrodemediacion.pge.gob.ec\/index.php?rest_route=\/wp\/v2\/users\/101012"}],"replies":[{"embeddable":true,"href":"https:\/\/centrodemediacion.pge.gob.ec\/index.php?rest_route=%2Fwp%2Fv2%2Fcomments&post=409"}],"version-history":[{"count":20,"href":"https:\/\/centrodemediacion.pge.gob.ec\/index.php?rest_route=\/wp\/v2\/pages\/409\/revisions"}],"predecessor-version":[{"id":3167,"href":"https:\/\/centrodemediacion.pge.gob.ec\/index.php?rest_route=\/wp\/v2\/pages\/409\/revisions\/3167"}],"wp:attachment":[{"href":"https:\/\/centrodemediacion.pge.gob.ec\/index.php?rest_route=%2Fwp%2Fv2%2Fmedia&parent=409"}],"curies":[{"name":"wp","href":"https:\/\/api.w.org\/{rel}","templated":true}]}}