{"id":2560,"date":"2022-09-12T13:16:36","date_gmt":"2022-09-12T13:16:36","guid":{"rendered":"http:\/\/centrodemediacion.pge.gob.ec\/?page_id=2560"},"modified":"2025-10-08T13:58:58","modified_gmt":"2025-10-08T13:58:58","slug":"normativa","status":"publish","type":"page","link":"https:\/\/centrodemediacion.pge.gob.ec\/?page_id=2560","title":{"rendered":"Normativa"},"content":{"rendered":"<p>[et_pb_section fb_built=\u00bb1&#8243; specialty=\u00bbon\u00bb _builder_version=\u00bb4.16&#8243; background_color=\u00bb#ffffff\u00bb background_image=\u00bbhttp:\/\/centrodemediacion.pge.gob.ec\/wp-content\/uploads\/2014\/09\/bgmarmol.jpg\u00bb transparent_background=\u00bboff\u00bb global_colors_info=\u00bb{}\u00bb][et_pb_column type=\u00bb3_4&#8243; specialty_columns=\u00bb3&#8243; _builder_version=\u00bb4.16&#8243; custom_padding=\u00bb|||\u00bb global_colors_info=\u00bb{}\u00bb custom_padding__hover=\u00bb|||\u00bb][et_pb_row_inner _builder_version=\u00bb4.16&#8243; global_colors_info=\u00bb{}\u00bb][et_pb_column_inner _builder_version=\u00bb4.16&#8243; custom_padding=\u00bb|||\u00bb global_colors_info=\u00bb{}\u00bb custom_padding__hover=\u00bb|||\u00bb][et_pb_text admin_label=\u00bbText\u00bb _builder_version=\u00bb4.19.0&#8243; background_size=\u00bbinitial\u00bb background_position=\u00bbtop_left\u00bb background_repeat=\u00bbrepeat\u00bb hover_enabled=\u00bb0&#8243; global_colors_info=\u00bb{}\u00bb sticky_enabled=\u00bb0&#8243;]<\/p>\n<table style=\"width: 693px; height: 294px;\">\n<tbody>\n<tr>\n<td>\n<div style=\"text-align: center;\"><strong><span style=\"font-family: helvetica; font-size: 18pt; color: #47707c;\">Normativa<\/span><\/strong><\/div>\n<\/td>\n<\/tr>\n<tr>\n<td>\n<ul style=\"list-style-type: disc;\">\n<li><a href=\"http:\/\/www.pge.gob.ec\/images\/2022\/NormativaMediacion\/MERCANTI_LEY_DE_ARBITRAJE_Y_MEDIACION.pdf\" target=\"_blank\" rel=\"noopener\"><span style=\"font-family: helvetica; font-size: 12pt; color: #000000;\">Ley de Arbitraje y Mediaci\u00f3n\u00a0<\/span><\/a><\/li>\n<\/ul>\n<\/td>\n<\/tr>\n<tr>\n<td>\n<ul style=\"list-style-type: disc;\">\n<li><a href=\"http:\/\/www.pge.gob.ec\/images\/2022\/NormativaMediacion\/MERCANTI_REGLAMENTO_A_LA_LEY_DE_ARBITRAJE_Y_MEDIACION.pdf\" target=\"_blank\" rel=\"noopener\"><span style=\"font-family: helvetica; font-size: 12pt; color: #000000;\">Reglamento a la Ley de Arbitraje y Mediaci\u00f3n\u00a0<\/span><\/a><\/li>\n<\/ul>\n<\/td>\n<\/tr>\n<tr>\n<td>\n<ul style=\"list-style-type: disc;\">\n<li><a href=\"http:\/\/www.pge.gob.ec\/images\/2022\/NormativaMediacion\/PUBLICO-LEY_ORGANICA_DE_LA_PROCURADURIA_GENERAL_DEL_ESTADO.pdf\" target=\"_blank\" rel=\"noopener\"><span style=\"font-family: helvetica; font-size: 12pt; color: #000000;\">Ley Org\u00e1nica de la Procuradur\u00eda General del Estado<\/span><\/a><\/li>\n<\/ul>\n<\/td>\n<\/tr>\n<tr>\n<td>\n<ul style=\"list-style-type: disc;\">\n<li><a href=\"http:\/\/centrodemediacion.pge.gob.ec\/wp-content\/uploads\/2025\/10\/RESOLUCION-096-Expedir-el-Reglamento-del-Centro-de-Mediacion-de-la-Procuraduria-General-del-Estado.pdf\" target=\"_blank\" rel=\"noopener\"><span style=\"font-family: helvetica; font-size: 12pt; color: #000000;\">Reglamento Centro de Mediaci\u00f3n de la Procuradur\u00eda General del Estado<\/span><\/a><\/li>\n<\/ul>\n<\/td>\n<\/tr>\n<tr>\n<td>\n<ul>\n<li><a href=\"http:\/\/www.pge.gob.ec\/images\/2022\/MEDIACION\/Decreto_Ejecutivo_No_165_20210718190912.pdf\" target=\"_blank\" rel=\"noopener\"><span style=\"font-family: helvetica; font-size: 12pt; color: #000000;\">Decreto Ejecutivo No. 165<\/span><\/a><\/li>\n<\/ul>\n<\/td>\n<\/tr>\n<\/tbody>\n<\/table>\n<p>[\/et_pb_text][\/et_pb_column_inner][\/et_pb_row_inner][\/et_pb_column][et_pb_column type=\u00bb1_4&#8243; _builder_version=\u00bb4.16&#8243; custom_padding=\u00bb|||\u00bb global_colors_info=\u00bb{}\u00bb custom_padding__hover=\u00bb|||\u00bb][et_pb_text admin_label=\u00bbText\u00bb _builder_version=\u00bb4.16&#8243; background_size=\u00bbinitial\u00bb background_position=\u00bbtop_left\u00bb background_repeat=\u00bbrepeat\u00bb global_colors_info=\u00bb{}\u00bb]<\/p>\n<p>[cmwizard menu=17\/]<\/p>\n<p>[\/et_pb_text][\/et_pb_column][\/et_pb_section]<\/p>\n","protected":false},"excerpt":{"rendered":"<p>Normativa Ley de Arbitraje y Mediaci\u00f3n\u00a0 Reglamento a la Ley de Arbitraje y Mediaci\u00f3n\u00a0 Ley Org\u00e1nica de la Procuradur\u00eda General del Estado Reglamento Centro de Mediaci\u00f3n de la Procuradur\u00eda General del Estado Decreto Ejecutivo No. 165 [cmwizard menu=17\/]<\/p>\n","protected":false},"author":101013,"featured_media":0,"parent":0,"menu_order":0,"comment_status":"closed","ping_status":"closed","template":"","meta":{"_et_pb_use_builder":"on","_et_pb_old_content":"","_et_gb_content_width":""},"_links":{"self":[{"href":"https:\/\/centrodemediacion.pge.gob.ec\/index.php?rest_route=\/wp\/v2\/pages\/2560"}],"collection":[{"href":"https:\/\/centrodemediacion.pge.gob.ec\/index.php?rest_route=\/wp\/v2\/pages"}],"about":[{"href":"https:\/\/centrodemediacion.pge.gob.ec\/index.php?rest_route=\/wp\/v2\/types\/page"}],"author":[{"embeddable":true,"href":"https:\/\/centrodemediacion.pge.gob.ec\/index.php?rest_route=\/wp\/v2\/users\/101013"}],"replies":[{"embeddable":true,"href":"https:\/\/centrodemediacion.pge.gob.ec\/index.php?rest_route=%2Fwp%2Fv2%2Fcomments&post=2560"}],"version-history":[{"count":9,"href":"https:\/\/centrodemediacion.pge.gob.ec\/index.php?rest_route=\/wp\/v2\/pages\/2560\/revisions"}],"predecessor-version":[{"id":3250,"href":"https:\/\/centrodemediacion.pge.gob.ec\/index.php?rest_route=\/wp\/v2\/pages\/2560\/revisions\/3250"}],"wp:attachment":[{"href":"https:\/\/centrodemediacion.pge.gob.ec\/index.php?rest_route=%2Fwp%2Fv2%2Fmedia&parent=2560"}],"curies":[{"name":"wp","href":"https:\/\/api.w.org\/{rel}","templated":true}]}}