{"id":1384,"date":"2014-12-01T22:17:09","date_gmt":"2014-12-01T22:17:09","guid":{"rendered":"http:\/\/centrodemediacion.pge.gob.ec\/?page_id=1384"},"modified":"2025-08-12T20:16:57","modified_gmt":"2025-08-12T20:16:57","slug":"anulacion","status":"publish","type":"page","link":"https:\/\/centrodemediacion.pge.gob.ec\/?page_id=1384","title":{"rendered":"Pasos a seguir"},"content":{"rendered":"<p>[et_pb_section fb_built=\u00bb1&#8243; specialty=\u00bbon\u00bb _builder_version=\u00bb4.16&#8243; background_color=\u00bb#ffffff\u00bb background_image=\u00bbhttp:\/\/centrodemediacion.pge.gob.ec\/wp-content\/uploads\/2014\/09\/bgmarmol.jpg\u00bb transparent_background=\u00bboff\u00bb global_colors_info=\u00bb{}\u00bb][et_pb_column type=\u00bb3_4&#8243; specialty_columns=\u00bb3&#8243; _builder_version=\u00bb4.16&#8243; custom_padding=\u00bb|||\u00bb global_colors_info=\u00bb{}\u00bb custom_padding__hover=\u00bb|||\u00bb][et_pb_row_inner _builder_version=\u00bb4.16&#8243; global_colors_info=\u00bb{}\u00bb][et_pb_column_inner _builder_version=\u00bb4.16&#8243; custom_padding=\u00bb|||\u00bb global_colors_info=\u00bb{}\u00bb custom_padding__hover=\u00bb|||\u00bb][et_pb_text admin_label=\u00bbText\u00bb _builder_version=\u00bb4.19.0&#8243; background_size=\u00bbinitial\u00bb background_position=\u00bbtop_left\u00bb background_repeat=\u00bbrepeat\u00bb hover_enabled=\u00bb0&#8243; global_colors_info=\u00bb{}\u00bb sticky_enabled=\u00bb0&#8243;]<\/p>\n<div class=\"custom\">\n<table style=\"width: 70%; margin-left: auto; margin-right: auto;\" border=\"0\">\n<tbody>\n<tr>\n<td>\n<div style=\"text-align: center;\"><strong><span style=\"font-family: helvetica; font-size: 18pt; color: #47707c;\">Pasos a seguir<\/span><\/strong><\/div>\n<\/td>\n<\/tr>\n<tr>\n<td style=\"text-align: justify;\">\n<p><span style=\"font-family: helvetica; font-size: 12pt; color: #000000;\">U<\/span><span style=\"font-family: helvetica; font-size: 12pt; color: #000000;\">na vez ingresada la petici\u00f3n o derivaci\u00f3n, el centro de mediaci\u00f3n designar\u00e1 a un mediador quien invitar\u00e1 \u00fanicamente por medio de correo electr\u00f3nico a las partes para asistir a las respectivas audiencias de mediaci\u00f3n.\u00a0 Durante el procedimiento de mediaci\u00f3n las partes tendr\u00e1n las audiencias que estimen pertinentes, con el objetivo de alcanzar un acuerdo.\u00a0 Al finalizar el procedimiento las partes deber\u00e1n firmar f\u00edsico\/digital el documento que corresponda al cierre del proceso de mediaci\u00f3n.<\/span><\/p>\n<p><span style=\"font-family: helvetica; font-size: 12pt; color: #000000;\">En caso de que una de las partes dentro del proceso de mediaci\u00f3n sea una Instituci\u00f3n del sector P\u00fablico, de conformidad con el numeral 3 del Art\u00edculo 37 del Reglamento del Centro de Mediaci\u00f3n de la Procuradur\u00eda General del Estado, es mandatorio que deber\u00e1 presentar los informes: t\u00e9cnico, econ\u00f3mico-financiero, jur\u00eddico y certificaci\u00f3n presupuestaria. Para los casos que correspondan, se deber\u00e1 contar con la autorizaci\u00f3n para transigir o desistir emitida por el Procurador General del Estado.<\/span><\/p>\n<\/td>\n<\/tr>\n<\/tbody>\n<\/table>\n<p>&nbsp;<\/p>\n<\/div>\n<p>[\/et_pb_text][\/et_pb_column_inner][\/et_pb_row_inner][\/et_pb_column][et_pb_column type=\u00bb1_4&#8243; _builder_version=\u00bb4.16&#8243; custom_padding=\u00bb|||\u00bb global_colors_info=\u00bb{}\u00bb custom_padding__hover=\u00bb|||\u00bb][et_pb_text admin_label=\u00bbText\u00bb _builder_version=\u00bb4.16&#8243; background_size=\u00bbinitial\u00bb background_position=\u00bbtop_left\u00bb background_repeat=\u00bbrepeat\u00bb global_colors_info=\u00bb{}\u00bb]<\/p>\n<p>[cmwizard menu=17\/]<\/p>\n<p>[\/et_pb_text][\/et_pb_column][\/et_pb_section]<\/p>\n","protected":false},"excerpt":{"rendered":"<p>Pasos a seguir Una vez ingresada la petici\u00f3n o derivaci\u00f3n, el centro de mediaci\u00f3n designar\u00e1 a un mediador quien invitar\u00e1 \u00fanicamente por medio de correo electr\u00f3nico a las partes para asistir a las respectivas audiencias de mediaci\u00f3n.\u00a0 Durante el procedimiento de mediaci\u00f3n las partes tendr\u00e1n las audiencias que estimen pertinentes, con el objetivo de alcanzar [&hellip;]<\/p>\n","protected":false},"author":101012,"featured_media":0,"parent":0,"menu_order":0,"comment_status":"open","ping_status":"open","template":"","meta":{"_et_pb_use_builder":"on","_et_pb_old_content":"","_et_gb_content_width":""},"_links":{"self":[{"href":"https:\/\/centrodemediacion.pge.gob.ec\/index.php?rest_route=\/wp\/v2\/pages\/1384"}],"collection":[{"href":"https:\/\/centrodemediacion.pge.gob.ec\/index.php?rest_route=\/wp\/v2\/pages"}],"about":[{"href":"https:\/\/centrodemediacion.pge.gob.ec\/index.php?rest_route=\/wp\/v2\/types\/page"}],"author":[{"embeddable":true,"href":"https:\/\/centrodemediacion.pge.gob.ec\/index.php?rest_route=\/wp\/v2\/users\/101012"}],"replies":[{"embeddable":true,"href":"https:\/\/centrodemediacion.pge.gob.ec\/index.php?rest_route=%2Fwp%2Fv2%2Fcomments&post=1384"}],"version-history":[{"count":17,"href":"https:\/\/centrodemediacion.pge.gob.ec\/index.php?rest_route=\/wp\/v2\/pages\/1384\/revisions"}],"predecessor-version":[{"id":3230,"href":"https:\/\/centrodemediacion.pge.gob.ec\/index.php?rest_route=\/wp\/v2\/pages\/1384\/revisions\/3230"}],"wp:attachment":[{"href":"https:\/\/centrodemediacion.pge.gob.ec\/index.php?rest_route=%2Fwp%2Fv2%2Fmedia&parent=1384"}],"curies":[{"name":"wp","href":"https:\/\/api.w.org\/{rel}","templated":true}]}}